{"id":67,"date":"2018-05-17T12:40:29","date_gmt":"2018-05-17T10:40:29","guid":{"rendered":"https:\/\/kinderarzt-ahrens.de\/?page_id=67"},"modified":"2025-06-12T16:24:23","modified_gmt":"2025-06-12T14:24:23","slug":"impressum","status":"publish","type":"page","link":"https:\/\/www.kinderarzt-ahrens.de\/index.php\/impressum\/","title":{"rendered":"Impressum"},"content":{"rendered":"\t\t<div data-elementor-type=\"wp-page\" data-elementor-id=\"67\" class=\"elementor elementor-67\">\n\t\t\t\t<div class=\"elementor-element elementor-element-c82a3b4 e-flex e-con-boxed e-con e-parent\" data-id=\"c82a3b4\" data-element_type=\"container\">\n\t\t\t\t\t<div class=\"e-con-inner\">\n\t\t\t\t<div class=\"elementor-element elementor-element-fb862d7 elementor-widget elementor-widget-heading\" data-id=\"fb862d7\" data-element_type=\"widget\" data-widget_type=\"heading.default\">\n\t\t\t\t<div class=\"elementor-widget-container\">\n\t\t\t<style>\/*! elementor - v3.22.0 - 26-06-2024 *\/\n.elementor-heading-title{padding:0;margin:0;line-height:1}.elementor-widget-heading .elementor-heading-title[class*=elementor-size-]>a{color:inherit;font-size:inherit;line-height:inherit}.elementor-widget-heading .elementor-heading-title.elementor-size-small{font-size:15px}.elementor-widget-heading .elementor-heading-title.elementor-size-medium{font-size:19px}.elementor-widget-heading .elementor-heading-title.elementor-size-large{font-size:29px}.elementor-widget-heading .elementor-heading-title.elementor-size-xl{font-size:39px}.elementor-widget-heading .elementor-heading-title.elementor-size-xxl{font-size:59px}<\/style><h2 class=\"elementor-heading-title elementor-size-default\">Verantwortlich f\u00fcr Inhalt, Konzeption & Realisierung des Onlineportals\n\n<\/h2>\t\t<\/div>\n\t\t\t\t<\/div>\n\t\t\t\t\t<\/div>\n\t\t\t\t<\/div>\n\t\t<div class=\"elementor-element elementor-element-716e8d2a e-flex e-con-boxed e-con e-parent\" data-id=\"716e8d2a\" data-element_type=\"container\">\n\t\t\t\t\t<div class=\"e-con-inner\">\n\t\t\t\t<div class=\"elementor-element elementor-element-4ebc6b62 elementor-widget elementor-widget-text-editor\" data-id=\"4ebc6b62\" data-element_type=\"widget\" data-widget_type=\"text-editor.default\">\n\t\t\t\t<div class=\"elementor-widget-container\">\n\t\t\t<style>\/*! elementor - v3.22.0 - 26-06-2024 *\/\n.elementor-widget-text-editor.elementor-drop-cap-view-stacked .elementor-drop-cap{background-color:#69727d;color:#fff}.elementor-widget-text-editor.elementor-drop-cap-view-framed .elementor-drop-cap{color:#69727d;border:3px solid;background-color:transparent}.elementor-widget-text-editor:not(.elementor-drop-cap-view-default) .elementor-drop-cap{margin-top:8px}.elementor-widget-text-editor:not(.elementor-drop-cap-view-default) .elementor-drop-cap-letter{width:1em;height:1em}.elementor-widget-text-editor .elementor-drop-cap{float:left;text-align:center;line-height:1;font-size:50px}.elementor-widget-text-editor .elementor-drop-cap-letter{display:inline-block}<\/style>\t\t\t\t<p><span style=\"color: #000000;\"><strong>Berufsaus\u00fcbungsgemeinschaft&nbsp;<\/strong>Dres. Ahrens<\/span><\/p>\n<p><span style=\"color: #000000;\">Stra\u00dfenfeld 2<\/span><br><span style=\"color: #000000;\">23569 L\u00fcbeck<\/span><br><span style=\"color: #000000;\">Tel.: 0451 \u2013 30 60 45<\/span><br><span style=\"color: #000000;\">Fax.: 0451 \u2013 30 60 47<\/span><br><span style=\"color: #000000;\">E-mail: <a style=\"color: #000000;\" href=\"mailto:praxis@kinderarzt-ahrens.de\">info@kinderarzt-ahrens.de<\/a><\/span><\/p>\n<p><span style=\"color: #000000;\"><strong>Gesetzliche Berufsbezeichnungen:<\/strong><\/span><\/p>\n<p><span style=\"color: #000000;\">Dr. med. Peter Ahrens: Arzt<\/span><\/p>\n<p><span style=\"color: #000000;\">Dr. med. Wiebke Ahrens: \u00c4rztin<\/span><\/p>\n<p><span style=\"color: #000000;\"><strong>Staat:<\/strong> Bundesrepublik Deutschland<\/span><\/p>\n<p><span style=\"color: #000000;\"><strong>Zust\u00e4ndige \u00c4rztekammer:<\/strong> \u00c4rztekammer Schleswig-Holstein, Bismarckallee 8 \u2013 12, 23795 Bad Segeberg, <a style=\"color: #000000;\" href=\"http:\/\/www.aeksh.de\/\" target=\"_blank\" rel=\"noopener\">http:\/\/www.aeksh.de<\/a><\/span><\/p>\n<p><span style=\"color: #000000;\"><strong>Zust\u00e4ndige Aufsichtsbeh\u00f6rde:<\/strong> Kassen\u00e4rztliche Vereinigung Schleswig-Holstein, Bismarckallee 1-6, 23795 Bad Segeberg, <a style=\"color: #000000;\" href=\"http:\/\/www.kvsh.de\/\" target=\"_blank\" rel=\"noopener\">http:\/\/www.kvsh.de<\/a><\/span><\/p>\n<p><span style=\"color: #000000;\"><strong>Berufsrechtliche Regelungen:<\/strong> Berufsordnung der \u00c4rztekammer Schleswig-Holstein, <a style=\"color: #000000;\" href=\"http:\/\/www.aeksh.de\/\" target=\"_blank\" rel=\"noopener\">http:\/\/www.aeksh.de<\/a><\/span><\/p>\n<p><span style=\"color: #000000;\"><strong>Verantwortlich gem\u00e4\u00df \u00a75 Absatz III TMG:<\/strong> Dr. P. Ahrens, Dr. W. Ahrens<\/span><\/p>\n<p><span style=\"color: #000000;\"><strong>Websitegestaltung<\/strong> realisiert durch Hannes Ahrens<\/span><\/p>\n<p><span style=\"color: #000000;\"><strong>Haftungshinweis:<\/strong> Trotz sorgf\u00e4ltiger inhaltlicher Kontrolle \u00fcbernehmen wir keine Haftung f\u00fcr die Inhalte externer Links. F\u00fcr den Inhalt der verlinkten Seiten sind ausschlie\u00dflich deren Betreiber verantwortlich.<a style=\"color: #000000;\" title=\"LYNET Responsive Webdesign\" href=\"https:\/\/www.lynet.de\/internetagentur\/responsive-webdesign\/responsive_design\/index.html\" target=\"_blank\" rel=\"noopener\" name=\"kontaktlynet\"><\/a><\/span><\/p>\n<p><span style=\"color: #000000;\"><strong>Fotografie<\/strong> Dr. Peter Ahrens, Hannes Ahrens, istockphoto, fotolia, unsplash<\/span><\/p>\n<p><span style=\"color: #000000;\"><strong>Texte: <\/strong>Dr. W. Ahrens, Dr. P. Ahrens<\/span><\/p>\n<p><span style=\"color: #000000;\"><strong>Fotonachweis der Stockbilder nach \u00a7 13 UrhG:&nbsp;&nbsp; <\/strong><\/span><\/p>\n<p><span style=\"color: #000000;\">Foto &#8222;health professional&#8220;: Copyright &#8222;DNY59&#8220;<\/span><br><span style=\"color: #000000;\">Foto &#8222;happy child with painted hands&#8220;: Copyright &#8222;Acik&#8220;<\/span><br><span style=\"color: #000000;\">Foto &#8222;german placename sign for free use with a name&#8220;: Copyright &#8222;PeJo29&#8220;<\/span><\/p>\n<p><span style=\"color: #000000;\">Alle weiteren Bilder sind urheberrechtsfrei von unsplash.com<\/span><\/p>\t\t\t\t\t\t<\/div>\n\t\t\t\t<\/div>\n\t\t\t\t\t<\/div>\n\t\t\t\t<\/div>\n\t\t\t\t<\/div>\n\t\t","protected":false},"excerpt":{"rendered":"<p>Verantwortlich f\u00fcr Inhalt, Konzeption &#038; Realisierung des Onlineportals Berufsaus\u00fcbungsgemeinschaft&nbsp;Dres. Ahrens Stra\u00dfenfeld 223569 L\u00fcbeckTel.: 0451 \u2013 30 60 45Fax.: 0451 \u2013 30 60 47E-mail: info@kinderarzt-ahrens.de Gesetzliche Berufsbezeichnungen: Dr. med. Peter Ahrens: Arzt Dr. med. Wiebke Ahrens: \u00c4rztin Staat: Bundesrepublik Deutschland Zust\u00e4ndige \u00c4rztekammer: \u00c4rztekammer Schleswig-Holstein, Bismarckallee 8 \u2013 12, 23795 Bad Segeberg, http:\/\/www.aeksh.de Zust\u00e4ndige Aufsichtsbeh\u00f6rde: Kassen\u00e4rztliche Vereinigung&#8230;<\/p>\n","protected":false},"author":1,"featured_media":0,"parent":0,"menu_order":0,"comment_status":"closed","ping_status":"closed","template":"","meta":{"_kad_post_transparent":"","_kad_post_title":"","_kad_post_layout":"","_kad_post_sidebar_id":"","_kad_post_content_style":"","_kad_post_vertical_padding":"","_kad_post_feature":"","_kad_post_feature_position":"","_kad_post_header":false,"_kad_post_footer":false,"footnotes":""},"class_list":["post-67","page","type-page","status-publish","hentry"],"_links":{"self":[{"href":"https:\/\/www.kinderarzt-ahrens.de\/index.php\/wp-json\/wp\/v2\/pages\/67","targetHints":{"allow":["GET"]}}],"collection":[{"href":"https:\/\/www.kinderarzt-ahrens.de\/index.php\/wp-json\/wp\/v2\/pages"}],"about":[{"href":"https:\/\/www.kinderarzt-ahrens.de\/index.php\/wp-json\/wp\/v2\/types\/page"}],"author":[{"embeddable":true,"href":"https:\/\/www.kinderarzt-ahrens.de\/index.php\/wp-json\/wp\/v2\/users\/1"}],"replies":[{"embeddable":true,"href":"https:\/\/www.kinderarzt-ahrens.de\/index.php\/wp-json\/wp\/v2\/comments?post=67"}],"version-history":[{"count":16,"href":"https:\/\/www.kinderarzt-ahrens.de\/index.php\/wp-json\/wp\/v2\/pages\/67\/revisions"}],"predecessor-version":[{"id":2136,"href":"https:\/\/www.kinderarzt-ahrens.de\/index.php\/wp-json\/wp\/v2\/pages\/67\/revisions\/2136"}],"wp:attachment":[{"href":"https:\/\/www.kinderarzt-ahrens.de\/index.php\/wp-json\/wp\/v2\/media?parent=67"}],"curies":[{"name":"wp","href":"https:\/\/api.w.org\/{rel}","templated":true}]}}