{"id":65,"date":"2018-05-17T12:40:05","date_gmt":"2018-05-17T10:40:05","guid":{"rendered":"https:\/\/kinderarzt-ahrens.de\/?page_id=65"},"modified":"2024-12-25T14:17:53","modified_gmt":"2024-12-25T13:17:53","slug":"notfaelle","status":"publish","type":"page","link":"https:\/\/www.kinderarzt-ahrens.de\/index.php\/notfaelle\/","title":{"rendered":"Notf\u00e4lle"},"content":{"rendered":"\t\t<div data-elementor-type=\"wp-page\" data-elementor-id=\"65\" class=\"elementor elementor-65\">\n\t\t\t\t<div class=\"elementor-element elementor-element-ce4e6d3 e-flex e-con-boxed e-con e-parent\" data-id=\"ce4e6d3\" data-element_type=\"container\">\n\t\t\t\t\t<div class=\"e-con-inner\">\n\t\t<div class=\"elementor-element elementor-element-e4a9d3b e-con-full e-flex e-con e-child\" data-id=\"e4a9d3b\" data-element_type=\"container\">\n\t\t\t\t<div class=\"elementor-element elementor-element-9649d7f elementor-widget__width-initial elementor-invisible elementor-widget elementor-widget-image\" data-id=\"9649d7f\" data-element_type=\"widget\" data-settings=\"{&quot;_animation&quot;:&quot;fadeIn&quot;}\" data-widget_type=\"image.default\">\n\t\t\t\t<div class=\"elementor-widget-container\">\n\t\t\t<style>\/*! elementor - v3.22.0 - 26-06-2024 *\/\n.elementor-widget-image{text-align:center}.elementor-widget-image a{display:inline-block}.elementor-widget-image a img[src$=\".svg\"]{width:48px}.elementor-widget-image img{vertical-align:middle;display:inline-block}<\/style>\t\t\t\t\t\t\t\t\t\t<img fetchpriority=\"high\" decoding=\"async\" width=\"644\" height=\"644\" src=\"https:\/\/www.kinderarzt-ahrens.de\/wp-content\/uploads\/2024\/01\/Anzeige_SocialMedia_116117_112-644x644.jpg\" class=\"attachment-large size-large wp-image-1354\" alt=\"\" srcset=\"https:\/\/www.kinderarzt-ahrens.de\/wp-content\/uploads\/2024\/01\/Anzeige_SocialMedia_116117_112-644x644.jpg 644w, https:\/\/www.kinderarzt-ahrens.de\/wp-content\/uploads\/2024\/01\/Anzeige_SocialMedia_116117_112-300x300.jpg 300w, https:\/\/www.kinderarzt-ahrens.de\/wp-content\/uploads\/2024\/01\/Anzeige_SocialMedia_116117_112-150x150.jpg 150w, https:\/\/www.kinderarzt-ahrens.de\/wp-content\/uploads\/2024\/01\/Anzeige_SocialMedia_116117_112-768x768.jpg 768w, https:\/\/www.kinderarzt-ahrens.de\/wp-content\/uploads\/2024\/01\/Anzeige_SocialMedia_116117_112.jpg 827w\" sizes=\"(max-width: 644px) 100vw, 644px\" \/>\t\t\t\t\t\t\t\t\t\t\t\t\t<\/div>\n\t\t\t\t<\/div>\n\t\t\t\t<div class=\"elementor-element elementor-element-60fea42 elementor-align-center elementor-widget elementor-widget-button\" data-id=\"60fea42\" data-element_type=\"widget\" data-widget_type=\"button.default\">\n\t\t\t\t<div class=\"elementor-widget-container\">\n\t\t\t\t\t<div class=\"elementor-button-wrapper\">\n\t\t\t<a class=\"elementor-button elementor-button-link elementor-size-lg\" href=\"https:\/\/www.kindernotfall-bonn.de\/elterninfo\/\" target=\"_blank\">\n\t\t\t\t\t\t<span class=\"elementor-button-content-wrapper\">\n\t\t\t\t\t\t<span class=\"elementor-button-icon\">\n\t\t\t\t<svg aria-hidden=\"true\" class=\"e-font-icon-svg e-fas-ambulance\" viewBox=\"0 0 640 512\" xmlns=\"http:\/\/www.w3.org\/2000\/svg\"><path d=\"M624 352h-16V243.9c0-12.7-5.1-24.9-14.1-33.9L494 110.1c-9-9-21.2-14.1-33.9-14.1H416V48c0-26.5-21.5-48-48-48H48C21.5 0 0 21.5 0 48v320c0 26.5 21.5 48 48 48h16c0 53 43 96 96 96s96-43 96-96h128c0 53 43 96 96 96s96-43 96-96h48c8.8 0 16-7.2 16-16v-32c0-8.8-7.2-16-16-16zM160 464c-26.5 0-48-21.5-48-48s21.5-48 48-48 48 21.5 48 48-21.5 48-48 48zm144-248c0 4.4-3.6 8-8 8h-56v56c0 4.4-3.6 8-8 8h-48c-4.4 0-8-3.6-8-8v-56h-56c-4.4 0-8-3.6-8-8v-48c0-4.4 3.6-8 8-8h56v-56c0-4.4 3.6-8 8-8h48c4.4 0 8 3.6 8 8v56h56c4.4 0 8 3.6 8 8v48zm176 248c-26.5 0-48-21.5-48-48s21.5-48 48-48 48 21.5 48 48-21.5 48-48 48zm80-208H416V144h44.1l99.9 99.9V256z\"><\/path><\/svg>\t\t\t<\/span>\n\t\t\t\t\t\t\t\t\t<span class=\"elementor-button-text\">Informationen zur Ersten Hilfe am Kind *<\/span>\n\t\t\t\t\t<\/span>\n\t\t\t\t\t<\/a>\n\t\t<\/div>\n\t\t\t\t<\/div>\n\t\t\t\t<\/div>\n\t\t\t\t<\/div>\n\t\t<div class=\"elementor-element elementor-element-aeb1276 e-con-full e-flex e-con e-child\" data-id=\"aeb1276\" data-element_type=\"container\">\n\t\t\t\t<div class=\"elementor-element elementor-element-5181183 elementor-widget__width-initial elementor-widget elementor-widget-text-editor\" data-id=\"5181183\" data-element_type=\"widget\" data-widget_type=\"text-editor.default\">\n\t\t\t\t<div class=\"elementor-widget-container\">\n\t\t\t<style>\/*! elementor - v3.22.0 - 26-06-2024 *\/\n.elementor-widget-text-editor.elementor-drop-cap-view-stacked .elementor-drop-cap{background-color:#69727d;color:#fff}.elementor-widget-text-editor.elementor-drop-cap-view-framed .elementor-drop-cap{color:#69727d;border:3px solid;background-color:transparent}.elementor-widget-text-editor:not(.elementor-drop-cap-view-default) .elementor-drop-cap{margin-top:8px}.elementor-widget-text-editor:not(.elementor-drop-cap-view-default) .elementor-drop-cap-letter{width:1em;height:1em}.elementor-widget-text-editor .elementor-drop-cap{float:left;text-align:center;line-height:1;font-size:50px}.elementor-widget-text-editor .elementor-drop-cap-letter{display:inline-block}<\/style>\t\t\t\t<p style=\"text-align: center;\"><span style=\"color: #000000;\">In einer <strong>lebensbedrohlichen Situation<\/strong> rufen Sie die Notrufzentrale der Feuerwehr \u00fcber <strong>112<\/strong> oder <strong>19222<\/strong>\u00a0 an.<\/span> <span style=\"color: #000000;\">In anderen F\u00e4llen rufen Sie die <strong>Praxisnummer 0451 \u2013 30 60 45.<\/strong><\/span><\/p><p style=\"text-align: center;\"><span style=\"color: #000000;\">Der kinder\u00e4rztliche Bereitschaftsdienst in der Klinik f\u00fcr Kinder- und Jugendmedizin des Universit\u00e4tsklinikums L\u00fcbeck ist<\/span> <span style=\"color: #000000;\">am <strong>Mittwoch <\/strong>und am <strong>Freitag <\/strong>von 16:00 bis 19:00 Uhr und<\/span> <span style=\"color: #000000;\">am <strong>Sonnabend, Sonntag und Feiertagen<\/strong> in den Zeiten<\/span> <span style=\"color: #000000;\">von 10:00 \u2013 13:00 Uhr und von 16:00 bis 19:00 Uhr f\u00fcr Sie zust\u00e4ndig.<\/span><\/p>\t\t\t\t\t\t<\/div>\n\t\t\t\t<\/div>\n\t\t\t\t<div class=\"elementor-element elementor-element-8848d30 elementor-widget elementor-widget-spacer\" data-id=\"8848d30\" data-element_type=\"widget\" data-widget_type=\"spacer.default\">\n\t\t\t\t<div class=\"elementor-widget-container\">\n\t\t\t<style>\/*! elementor - v3.22.0 - 26-06-2024 *\/\n.elementor-column .elementor-spacer-inner{height:var(--spacer-size)}.e-con{--container-widget-width:100%}.e-con-inner>.elementor-widget-spacer,.e-con>.elementor-widget-spacer{width:var(--container-widget-width,var(--spacer-size));--align-self:var(--container-widget-align-self,initial);--flex-shrink:0}.e-con-inner>.elementor-widget-spacer>.elementor-widget-container,.e-con>.elementor-widget-spacer>.elementor-widget-container{height:100%;width:100%}.e-con-inner>.elementor-widget-spacer>.elementor-widget-container>.elementor-spacer,.e-con>.elementor-widget-spacer>.elementor-widget-container>.elementor-spacer{height:100%}.e-con-inner>.elementor-widget-spacer>.elementor-widget-container>.elementor-spacer>.elementor-spacer-inner,.e-con>.elementor-widget-spacer>.elementor-widget-container>.elementor-spacer>.elementor-spacer-inner{height:var(--container-widget-height,var(--spacer-size))}.e-con-inner>.elementor-widget-spacer.elementor-widget-empty,.e-con>.elementor-widget-spacer.elementor-widget-empty{position:relative;min-height:22px;min-width:22px}.e-con-inner>.elementor-widget-spacer.elementor-widget-empty .elementor-widget-empty-icon,.e-con>.elementor-widget-spacer.elementor-widget-empty .elementor-widget-empty-icon{position:absolute;top:0;bottom:0;left:0;right:0;margin:auto;padding:0;width:22px;height:22px}<\/style>\t\t<div class=\"elementor-spacer\">\n\t\t\t<div class=\"elementor-spacer-inner\"><\/div>\n\t\t<\/div>\n\t\t\t\t<\/div>\n\t\t\t\t<\/div>\n\t\t\t\t<div class=\"elementor-element elementor-element-ab451a4 elementor-widget__width-initial elementor-invisible elementor-widget elementor-widget-image\" data-id=\"ab451a4\" data-element_type=\"widget\" data-settings=\"{&quot;_animation&quot;:&quot;fadeIn&quot;}\" data-widget_type=\"image.default\">\n\t\t\t\t<div class=\"elementor-widget-container\">\n\t\t\t\t\t\t\t\t\t\t\t\t\t<img decoding=\"async\" width=\"644\" height=\"429\" src=\"https:\/\/www.kinderarzt-ahrens.de\/wp-content\/uploads\/2024\/01\/camilo-jimenez-vGu08RYjO-s-unsplash-644x429.jpg\" class=\"attachment-large size-large wp-image-1388\" alt=\"\" srcset=\"https:\/\/www.kinderarzt-ahrens.de\/wp-content\/uploads\/2024\/01\/camilo-jimenez-vGu08RYjO-s-unsplash-644x429.jpg 644w, https:\/\/www.kinderarzt-ahrens.de\/wp-content\/uploads\/2024\/01\/camilo-jimenez-vGu08RYjO-s-unsplash-300x200.jpg 300w, https:\/\/www.kinderarzt-ahrens.de\/wp-content\/uploads\/2024\/01\/camilo-jimenez-vGu08RYjO-s-unsplash-768x512.jpg 768w, https:\/\/www.kinderarzt-ahrens.de\/wp-content\/uploads\/2024\/01\/camilo-jimenez-vGu08RYjO-s-unsplash-1536x1024.jpg 1536w, https:\/\/www.kinderarzt-ahrens.de\/wp-content\/uploads\/2024\/01\/camilo-jimenez-vGu08RYjO-s-unsplash-2048x1365.jpg 2048w\" sizes=\"(max-width: 644px) 100vw, 644px\" \/>\t\t\t\t\t\t\t\t\t\t\t\t\t<\/div>\n\t\t\t\t<\/div>\n\t\t\t\t<\/div>\n\t\t\t\t\t<\/div>\n\t\t\t\t<\/div>\n\t\t<div class=\"elementor-element elementor-element-2bb3628 e-flex e-con-boxed e-con e-parent\" data-id=\"2bb3628\" data-element_type=\"container\">\n\t\t\t\t\t<div class=\"e-con-inner\">\n\t\t\t\t<div class=\"elementor-element elementor-element-bce0e9f elementor-widget elementor-widget-text-editor\" data-id=\"bce0e9f\" data-element_type=\"widget\" data-widget_type=\"text-editor.default\">\n\t\t\t\t<div class=\"elementor-widget-container\">\n\t\t\t\t\t\t\t<span style=\"color: #3C4D68;\">\n<table id=\"tablepress-1\" class=\"tablepress tablepress-id-1\">\n<tbody class=\"row-hover\">\n<tr class=\"row-1 odd\">\n\t<td class=\"column-1\">Rettungsleitstelle der Feuerwehr<\/td><td class=\"column-2\">112 oder 19 222<\/td>\n<\/tr>\n<tr class=\"row-2 even\">\n\t<td class=\"column-1\">\u00c4rztlicher Bereitschaftsdienst \/ Patientenservice<\/td><td class=\"column-2\">116 117<\/td>\n<\/tr>\n<tr class=\"row-3 odd\">\n\t<td class=\"column-1\">Praxis Dres. Ahrens<\/td><td class=\"column-2\">0451 \u2013 30 60 45<\/td>\n<\/tr>\n<tr class=\"row-4 even\">\n\t<td class=\"column-1\">Giftnotrufzentrale Nord G\u00f6ttingen<\/td><td class=\"column-2\">0551 &#8211; 19 240<\/td>\n<\/tr>\n<tr class=\"row-5 odd\">\n\t<td class=\"column-1\"><a href=\"https:\/\/www.uksh.de\/paediatrie-luebeck\/\">Klinik f\u00fcr Kinder- und Jugendmedizin des Universit\u00e4tsklinikum Zentrale * <\/a><br \/>\n<\/td><td class=\"column-2\">0451 \u2013 500-0<\/td>\n<\/tr>\n<tr class=\"row-6 even\">\n\t<td class=\"column-1\">Notaufnahme der Kinderklinik<\/td><td class=\"column-2\">0451 \u2013 500-43010<\/td>\n<\/tr>\n<tr class=\"row-7 odd\">\n\t<td class=\"column-1\"><a href=\"https:\/\/www.kinderschutz-zentrum-luebeck.de\">Kinderschutzzentrum * <\/a><\/td><td class=\"column-2\">0451 \u2013 78 88 1<\/td>\n<\/tr>\n<tr class=\"row-8 even\">\n\t<td class=\"column-1\">Die Nummer gegen Kummer (f\u00fcr Kinder- und Jugendliche)<\/td><td class=\"column-2\">116 111<\/td>\n<\/tr>\n<tr class=\"row-9 odd\">\n\t<td class=\"column-1\">Die Nummer gegen Kummer (f\u00fcr Eltern)<\/td><td class=\"column-2\">0800 &#8211; 1110550<\/td>\n<\/tr>\n<tr class=\"row-10 even\">\n\t<td class=\"column-1\">Telefonseelsorge f\u00fcr Kinder- und Jugendliche (Diakonisches Werk)<\/td><td class=\"column-2\">0800 &#8211; 11 10 333<\/td>\n<\/tr>\n<\/tbody>\n<\/table>\n<!-- #tablepress-1 from cache --><\/span>\t\t\t\t\t\t<\/div>\n\t\t\t\t<\/div>\n\t\t\t\t\t<\/div>\n\t\t\t\t<\/div>\n\t\t<div class=\"elementor-element elementor-element-f6e4003 e-flex e-con-boxed e-con e-parent\" data-id=\"f6e4003\" data-element_type=\"container\">\n\t\t\t\t\t<div class=\"e-con-inner\">\n\t\t\t\t<div class=\"elementor-element elementor-element-c5b8149 elementor-widget elementor-widget-text-editor\" data-id=\"c5b8149\" data-element_type=\"widget\" data-widget_type=\"text-editor.default\">\n\t\t\t\t<div class=\"elementor-widget-container\">\n\t\t\t\t\t\t\t<p><span style=\"color: #000000;\">* Die hier zu findenden Links sind dabei Weiterleitungen zu externen Webseiten. F\u00fcr Inhalte dieser \u00fcbernehmen wir keinerlei Haftung.\u00a0<\/span><\/p>\t\t\t\t\t\t<\/div>\n\t\t\t\t<\/div>\n\t\t\t\t\t<\/div>\n\t\t\t\t<\/div>\n\t\t\t\t<\/div>\n\t\t","protected":false},"excerpt":{"rendered":"<p>Informationen zur Ersten Hilfe am Kind * In einer lebensbedrohlichen Situation rufen Sie die Notrufzentrale der Feuerwehr \u00fcber 112 oder 19222\u00a0 an. In anderen F\u00e4llen rufen Sie die Praxisnummer 0451 \u2013 30 60 45. Der kinder\u00e4rztliche Bereitschaftsdienst in der Klinik f\u00fcr Kinder- und Jugendmedizin des Universit\u00e4tsklinikums L\u00fcbeck ist am Mittwoch und am Freitag von 16:00&#8230;<\/p>\n","protected":false},"author":1,"featured_media":0,"parent":0,"menu_order":0,"comment_status":"closed","ping_status":"closed","template":"","meta":{"_kad_post_transparent":"","_kad_post_title":"","_kad_post_layout":"","_kad_post_sidebar_id":"","_kad_post_content_style":"","_kad_post_vertical_padding":"","_kad_post_feature":"","_kad_post_feature_position":"","_kad_post_header":false,"_kad_post_footer":false,"footnotes":""},"class_list":["post-65","page","type-page","status-publish","hentry"],"_links":{"self":[{"href":"https:\/\/www.kinderarzt-ahrens.de\/index.php\/wp-json\/wp\/v2\/pages\/65","targetHints":{"allow":["GET"]}}],"collection":[{"href":"https:\/\/www.kinderarzt-ahrens.de\/index.php\/wp-json\/wp\/v2\/pages"}],"about":[{"href":"https:\/\/www.kinderarzt-ahrens.de\/index.php\/wp-json\/wp\/v2\/types\/page"}],"author":[{"embeddable":true,"href":"https:\/\/www.kinderarzt-ahrens.de\/index.php\/wp-json\/wp\/v2\/users\/1"}],"replies":[{"embeddable":true,"href":"https:\/\/www.kinderarzt-ahrens.de\/index.php\/wp-json\/wp\/v2\/comments?post=65"}],"version-history":[{"count":70,"href":"https:\/\/www.kinderarzt-ahrens.de\/index.php\/wp-json\/wp\/v2\/pages\/65\/revisions"}],"predecessor-version":[{"id":2108,"href":"https:\/\/www.kinderarzt-ahrens.de\/index.php\/wp-json\/wp\/v2\/pages\/65\/revisions\/2108"}],"wp:attachment":[{"href":"https:\/\/www.kinderarzt-ahrens.de\/index.php\/wp-json\/wp\/v2\/media?parent=65"}],"curies":[{"name":"wp","href":"https:\/\/api.w.org\/{rel}","templated":true}]}}