{"id":6,"date":"2018-05-15T14:48:28","date_gmt":"2018-05-15T12:48:28","guid":{"rendered":"https:\/\/kinderarzt-ahrens.de\/?page_id=6"},"modified":"2024-07-05T15:16:42","modified_gmt":"2024-07-05T13:16:42","slug":"start","status":"publish","type":"page","link":"https:\/\/www.kinderarzt-ahrens.de\/","title":{"rendered":"Herzlich Willkommen"},"content":{"rendered":"\t\t<div data-elementor-type=\"wp-page\" data-elementor-id=\"6\" class=\"elementor elementor-6\">\n\t\t\t\t<div class=\"elementor-element elementor-element-5ac68fbf e-flex e-con-boxed e-con e-parent\" data-id=\"5ac68fbf\" data-element_type=\"container\">\n\t\t\t\t\t<div class=\"e-con-inner\">\n\t\t\t\t<div class=\"elementor-element elementor-element-7651c56 elementor-invisible elementor-widget elementor-widget-text-editor\" data-id=\"7651c56\" data-element_type=\"widget\" data-settings=\"{&quot;_animation&quot;:&quot;fadeIn&quot;}\" data-widget_type=\"text-editor.default\">\n\t\t\t\t<div class=\"elementor-widget-container\">\n\t\t\t<style>\/*! elementor - v3.22.0 - 26-06-2024 *\/\n.elementor-widget-text-editor.elementor-drop-cap-view-stacked .elementor-drop-cap{background-color:#69727d;color:#fff}.elementor-widget-text-editor.elementor-drop-cap-view-framed .elementor-drop-cap{color:#69727d;border:3px solid;background-color:transparent}.elementor-widget-text-editor:not(.elementor-drop-cap-view-default) .elementor-drop-cap{margin-top:8px}.elementor-widget-text-editor:not(.elementor-drop-cap-view-default) .elementor-drop-cap-letter{width:1em;height:1em}.elementor-widget-text-editor .elementor-drop-cap{float:left;text-align:center;line-height:1;font-size:50px}.elementor-widget-text-editor .elementor-drop-cap-letter{display:inline-block}<\/style>\t\t\t\t<h4 class=\"subheadline\" style=\"text-align: left;\"><strong><span style=\"color: #000000; font-family: var( --e-global-typography-text-font-family ), Sans-serif; text-align: var(--text-align); font-size: 17px;\">Herzlich Willkommen auf den Internetseiten unserer Kinder- und Jugendarztpraxis. Wir freuen uns \u00fcber Ihr Interesse und m\u00f6chten Sie \u00fcber Leistungsangebote und Schwerpunkte unserer Praxis informieren.<\/span><\/strong><\/h4><p><strong><span style=\"color: #000000;\">Die Praxis liegt im Norden L\u00fcbecks nahe der Ostseek\u00fcste und dem Seebad L\u00fcbeck-Travem\u00fcnde.<\/span><\/strong><\/p>\t\t\t\t\t\t<\/div>\n\t\t\t\t<\/div>\n\t\t\t\t\t<\/div>\n\t\t\t\t<\/div>\n\t\t<div class=\"elementor-element elementor-element-d298cc6 e-flex e-con-boxed e-con e-parent\" data-id=\"d298cc6\" data-element_type=\"container\">\n\t\t\t\t\t<div class=\"e-con-inner\">\n\t\t\t\t<div class=\"elementor-element elementor-element-a26e287 elementor-align-center elementor-invisible elementor-widget elementor-widget-button\" data-id=\"a26e287\" data-element_type=\"widget\" data-settings=\"{&quot;_animation&quot;:&quot;fadeIn&quot;}\" data-widget_type=\"button.default\">\n\t\t\t\t<div class=\"elementor-widget-container\">\n\t\t\t\t\t<div class=\"elementor-button-wrapper\">\n\t\t\t<a class=\"elementor-button elementor-button-link elementor-size-lg elementor-animation-shrink\" href=\"https:\/\/kinderarzt-ahrens.de\/index.php\/sprechstunde\/organisation\/\">\n\t\t\t\t\t\t<span class=\"elementor-button-content-wrapper\">\n\t\t\t\t\t\t<span class=\"elementor-button-icon\">\n\t\t\t\t<svg aria-hidden=\"true\" class=\"e-font-icon-svg e-far-check-circle\" viewBox=\"0 0 512 512\" xmlns=\"http:\/\/www.w3.org\/2000\/svg\"><path d=\"M256 8C119.033 8 8 119.033 8 256s111.033 248 248 248 248-111.033 248-248S392.967 8 256 8zm0 48c110.532 0 200 89.451 200 200 0 110.532-89.451 200-200 200-110.532 0-200-89.451-200-200 0-110.532 89.451-200 200-200m140.204 130.267l-22.536-22.718c-4.667-4.705-12.265-4.736-16.97-.068L215.346 303.697l-59.792-60.277c-4.667-4.705-12.265-4.736-16.97-.069l-22.719 22.536c-4.705 4.667-4.736 12.265-.068 16.971l90.781 91.516c4.667 4.705 12.265 4.736 16.97.068l172.589-171.204c4.704-4.668 4.734-12.266.067-16.971z\"><\/path><\/svg>\t\t\t<\/span>\n\t\t\t\t\t\t\t\t\t<span class=\"elementor-button-text\">Checkliste f\u00fcr einen Termin<\/span>\n\t\t\t\t\t<\/span>\n\t\t\t\t\t<\/a>\n\t\t<\/div>\n\t\t\t\t<\/div>\n\t\t\t\t<\/div>\n\t\t\t\t\t<\/div>\n\t\t\t\t<\/div>\n\t\t<div class=\"elementor-element elementor-element-17f6e29 e-flex e-con-boxed e-con e-parent\" data-id=\"17f6e29\" data-element_type=\"container\">\n\t\t\t\t\t<div class=\"e-con-inner\">\n\t\t\t\t<div class=\"elementor-element elementor-element-0258de1 elementor-invisible elementor-widget elementor-widget-heading\" data-id=\"0258de1\" data-element_type=\"widget\" data-settings=\"{&quot;_animation&quot;:&quot;fadeIn&quot;}\" data-widget_type=\"heading.default\">\n\t\t\t\t<div class=\"elementor-widget-container\">\n\t\t\t<style>\/*! elementor - v3.22.0 - 26-06-2024 *\/\n.elementor-heading-title{padding:0;margin:0;line-height:1}.elementor-widget-heading .elementor-heading-title[class*=elementor-size-]>a{color:inherit;font-size:inherit;line-height:inherit}.elementor-widget-heading .elementor-heading-title.elementor-size-small{font-size:15px}.elementor-widget-heading .elementor-heading-title.elementor-size-medium{font-size:19px}.elementor-widget-heading .elementor-heading-title.elementor-size-large{font-size:29px}.elementor-widget-heading .elementor-heading-title.elementor-size-xl{font-size:39px}.elementor-widget-heading .elementor-heading-title.elementor-size-xxl{font-size:59px}<\/style><h2 class=\"elementor-heading-title elementor-size-xl\">Unsere Angebote f\u00fcr Kinder und Jugendliche<\/h2>\t\t<\/div>\n\t\t\t\t<\/div>\n\t\t\t\t\t<\/div>\n\t\t\t\t<\/div>\n\t\t<div class=\"elementor-element elementor-element-dc81038 e-flex e-con-boxed e-con e-parent\" data-id=\"dc81038\" data-element_type=\"container\">\n\t\t\t\t\t<div class=\"e-con-inner\">\n\t\t<div class=\"elementor-element elementor-element-bb03713 e-con-full e-flex e-con e-child\" data-id=\"bb03713\" data-element_type=\"container\">\n\t\t\t\t<div class=\"elementor-element elementor-element-7d0649b elementor-widget__width-initial elementor-invisible elementor-widget elementor-widget-image\" data-id=\"7d0649b\" data-element_type=\"widget\" data-settings=\"{&quot;_animation&quot;:&quot;fadeIn&quot;}\" data-widget_type=\"image.default\">\n\t\t\t\t<div class=\"elementor-widget-container\">\n\t\t\t<style>\/*! elementor - v3.22.0 - 26-06-2024 *\/\n.elementor-widget-image{text-align:center}.elementor-widget-image a{display:inline-block}.elementor-widget-image a img[src$=\".svg\"]{width:48px}.elementor-widget-image img{vertical-align:middle;display:inline-block}<\/style>\t\t\t\t\t\t\t<figure class=\"wp-caption\">\n\t\t\t\t\t\t\t\t\t\t\t<a href=\"https:\/\/kinderarzt-ahrens.de\/index.php\/leistungsspektrum\/leistungsspektrum-der-allgemeinen-kinder-und-jugendmedizin\/\">\n\t\t\t\t\t\t\t<img fetchpriority=\"high\" decoding=\"async\" width=\"2560\" height=\"1707\" src=\"https:\/\/www.kinderarzt-ahrens.de\/wp-content\/uploads\/2024\/01\/artem-kniaz-DqgMHzeio7g-unsplash-scaled.jpg\" class=\"elementor-animation-grow attachment-full size-full wp-image-624\" alt=\"\" srcset=\"https:\/\/www.kinderarzt-ahrens.de\/wp-content\/uploads\/2024\/01\/artem-kniaz-DqgMHzeio7g-unsplash-scaled.jpg 2560w, https:\/\/www.kinderarzt-ahrens.de\/wp-content\/uploads\/2024\/01\/artem-kniaz-DqgMHzeio7g-unsplash-300x200.jpg 300w, https:\/\/www.kinderarzt-ahrens.de\/wp-content\/uploads\/2024\/01\/artem-kniaz-DqgMHzeio7g-unsplash-644x429.jpg 644w, https:\/\/www.kinderarzt-ahrens.de\/wp-content\/uploads\/2024\/01\/artem-kniaz-DqgMHzeio7g-unsplash-768x512.jpg 768w, https:\/\/www.kinderarzt-ahrens.de\/wp-content\/uploads\/2024\/01\/artem-kniaz-DqgMHzeio7g-unsplash-1536x1024.jpg 1536w, https:\/\/www.kinderarzt-ahrens.de\/wp-content\/uploads\/2024\/01\/artem-kniaz-DqgMHzeio7g-unsplash-2048x1366.jpg 2048w\" sizes=\"(max-width: 2560px) 100vw, 2560px\" \/>\t\t\t\t\t\t\t\t<\/a>\n\t\t\t\t\t\t\t\t\t\t\t<figcaption class=\"widget-image-caption wp-caption-text\">Kinder- und Jugendmedizin<\/figcaption>\n\t\t\t\t\t\t\t\t\t\t<\/figure>\n\t\t\t\t\t\t\t<\/div>\n\t\t\t\t<\/div>\n\t\t\t\t<\/div>\n\t\t<div class=\"elementor-element elementor-element-9fefa0b e-con-full e-flex e-con e-child\" data-id=\"9fefa0b\" data-element_type=\"container\">\n\t\t\t\t<div class=\"elementor-element elementor-element-a76c621 elementor-invisible elementor-widget elementor-widget-image\" data-id=\"a76c621\" data-element_type=\"widget\" data-settings=\"{&quot;_animation&quot;:&quot;fadeIn&quot;}\" data-widget_type=\"image.default\">\n\t\t\t\t<div class=\"elementor-widget-container\">\n\t\t\t\t\t\t\t\t\t\t<figure class=\"wp-caption\">\n\t\t\t\t\t\t\t\t\t\t\t<a href=\"https:\/\/kinderarzt-ahrens.de\/index.php\/leistungsspektrum\/schwerpunkte\/kinder-pneumologie-lungenheilkunde\/\">\n\t\t\t\t\t\t\t<img decoding=\"async\" width=\"2560\" height=\"1707\" src=\"https:\/\/www.kinderarzt-ahrens.de\/wp-content\/uploads\/2024\/01\/allen-taylor-dAMvcGb8Vog-unsplash-scaled.jpg\" class=\"elementor-animation-grow attachment-full size-full wp-image-892\" alt=\"\" srcset=\"https:\/\/www.kinderarzt-ahrens.de\/wp-content\/uploads\/2024\/01\/allen-taylor-dAMvcGb8Vog-unsplash-scaled.jpg 2560w, https:\/\/www.kinderarzt-ahrens.de\/wp-content\/uploads\/2024\/01\/allen-taylor-dAMvcGb8Vog-unsplash-300x200.jpg 300w, https:\/\/www.kinderarzt-ahrens.de\/wp-content\/uploads\/2024\/01\/allen-taylor-dAMvcGb8Vog-unsplash-644x429.jpg 644w, https:\/\/www.kinderarzt-ahrens.de\/wp-content\/uploads\/2024\/01\/allen-taylor-dAMvcGb8Vog-unsplash-768x512.jpg 768w, https:\/\/www.kinderarzt-ahrens.de\/wp-content\/uploads\/2024\/01\/allen-taylor-dAMvcGb8Vog-unsplash-1536x1024.jpg 1536w, https:\/\/www.kinderarzt-ahrens.de\/wp-content\/uploads\/2024\/01\/allen-taylor-dAMvcGb8Vog-unsplash-2048x1365.jpg 2048w\" sizes=\"(max-width: 2560px) 100vw, 2560px\" \/>\t\t\t\t\t\t\t\t<\/a>\n\t\t\t\t\t\t\t\t\t\t\t<figcaption class=\"widget-image-caption wp-caption-text\">Kinder \u2013 Pneumologie <\/figcaption>\n\t\t\t\t\t\t\t\t\t\t<\/figure>\n\t\t\t\t\t\t\t<\/div>\n\t\t\t\t<\/div>\n\t\t\t\t<\/div>\n\t\t\t\t\t<\/div>\n\t\t\t\t<\/div>\n\t\t<div class=\"elementor-element elementor-element-e6a92f5 e-flex e-con-boxed e-con e-parent\" data-id=\"e6a92f5\" data-element_type=\"container\">\n\t\t\t\t\t<div class=\"e-con-inner\">\n\t\t<div class=\"elementor-element elementor-element-15faa59 e-con-full e-flex e-con e-child\" data-id=\"15faa59\" data-element_type=\"container\">\n\t\t\t\t<div class=\"elementor-element elementor-element-e351259 elementor-invisible elementor-widget elementor-widget-image\" data-id=\"e351259\" data-element_type=\"widget\" data-settings=\"{&quot;_animation&quot;:&quot;fadeIn&quot;}\" data-widget_type=\"image.default\">\n\t\t\t\t<div class=\"elementor-widget-container\">\n\t\t\t\t\t\t\t\t\t\t<figure class=\"wp-caption\">\n\t\t\t\t\t\t\t\t\t\t\t<a href=\"https:\/\/kinderarzt-ahrens.de\/index.php\/leistungsspektrum\/schwerpunkte\/neonatologie-neugeborenenmedizin\/\">\n\t\t\t\t\t\t\t<img decoding=\"async\" width=\"644\" height=\"429\" src=\"https:\/\/www.kinderarzt-ahrens.de\/wp-content\/uploads\/2024\/01\/minnie-zhou-0hiUWSi7jvs-unsplash-644x429.jpg\" class=\"elementor-animation-grow attachment-large size-large wp-image-977\" alt=\"\" srcset=\"https:\/\/www.kinderarzt-ahrens.de\/wp-content\/uploads\/2024\/01\/minnie-zhou-0hiUWSi7jvs-unsplash-644x429.jpg 644w, https:\/\/www.kinderarzt-ahrens.de\/wp-content\/uploads\/2024\/01\/minnie-zhou-0hiUWSi7jvs-unsplash-300x200.jpg 300w, https:\/\/www.kinderarzt-ahrens.de\/wp-content\/uploads\/2024\/01\/minnie-zhou-0hiUWSi7jvs-unsplash-768x512.jpg 768w, https:\/\/www.kinderarzt-ahrens.de\/wp-content\/uploads\/2024\/01\/minnie-zhou-0hiUWSi7jvs-unsplash-1536x1024.jpg 1536w, https:\/\/www.kinderarzt-ahrens.de\/wp-content\/uploads\/2024\/01\/minnie-zhou-0hiUWSi7jvs-unsplash-2048x1365.jpg 2048w\" sizes=\"(max-width: 644px) 100vw, 644px\" \/>\t\t\t\t\t\t\t\t<\/a>\n\t\t\t\t\t\t\t\t\t\t\t<figcaption class=\"widget-image-caption wp-caption-text\">Neonatologie<\/figcaption>\n\t\t\t\t\t\t\t\t\t\t<\/figure>\n\t\t\t\t\t\t\t<\/div>\n\t\t\t\t<\/div>\n\t\t\t\t<\/div>\n\t\t<div class=\"elementor-element elementor-element-696841a e-con-full e-flex e-con e-child\" data-id=\"696841a\" data-element_type=\"container\">\n\t\t\t\t<div class=\"elementor-element elementor-element-3116221 elementor-invisible elementor-widget elementor-widget-image\" data-id=\"3116221\" data-element_type=\"widget\" data-settings=\"{&quot;_animation&quot;:&quot;fadeIn&quot;}\" data-widget_type=\"image.default\">\n\t\t\t\t<div class=\"elementor-widget-container\">\n\t\t\t\t\t\t\t\t\t\t<figure class=\"wp-caption\">\n\t\t\t\t\t\t\t\t\t\t\t<a href=\"https:\/\/kinderarzt-ahrens.de\/index.php\/leistungsspektrum\/schwerpunkte\/allergologie\/\">\n\t\t\t\t\t\t\t<img loading=\"lazy\" decoding=\"async\" width=\"644\" height=\"429\" src=\"https:\/\/www.kinderarzt-ahrens.de\/wp-content\/uploads\/2024\/01\/daiga-ellaby-tIpx6MN2Tn0-unsplash-644x429.jpg\" class=\"elementor-animation-grow attachment-large size-large wp-image-1645\" alt=\"\" srcset=\"https:\/\/www.kinderarzt-ahrens.de\/wp-content\/uploads\/2024\/01\/daiga-ellaby-tIpx6MN2Tn0-unsplash-644x429.jpg 644w, https:\/\/www.kinderarzt-ahrens.de\/wp-content\/uploads\/2024\/01\/daiga-ellaby-tIpx6MN2Tn0-unsplash-300x200.jpg 300w, https:\/\/www.kinderarzt-ahrens.de\/wp-content\/uploads\/2024\/01\/daiga-ellaby-tIpx6MN2Tn0-unsplash-768x512.jpg 768w, https:\/\/www.kinderarzt-ahrens.de\/wp-content\/uploads\/2024\/01\/daiga-ellaby-tIpx6MN2Tn0-unsplash-1536x1024.jpg 1536w, https:\/\/www.kinderarzt-ahrens.de\/wp-content\/uploads\/2024\/01\/daiga-ellaby-tIpx6MN2Tn0-unsplash-2048x1365.jpg 2048w\" sizes=\"(max-width: 644px) 100vw, 644px\" \/>\t\t\t\t\t\t\t\t<\/a>\n\t\t\t\t\t\t\t\t\t\t\t<figcaption class=\"widget-image-caption wp-caption-text\">Allergologie<\/figcaption>\n\t\t\t\t\t\t\t\t\t\t<\/figure>\n\t\t\t\t\t\t\t<\/div>\n\t\t\t\t<\/div>\n\t\t\t\t<\/div>\n\t\t<div class=\"elementor-element elementor-element-c33a724 e-con-full e-flex e-con e-child\" data-id=\"c33a724\" data-element_type=\"container\">\n\t\t\t\t<div class=\"elementor-element elementor-element-873190d elementor-invisible elementor-widget elementor-widget-image\" data-id=\"873190d\" data-element_type=\"widget\" data-settings=\"{&quot;_animation&quot;:&quot;fadeIn&quot;}\" data-widget_type=\"image.default\">\n\t\t\t\t<div class=\"elementor-widget-container\">\n\t\t\t\t\t\t\t\t\t\t<figure class=\"wp-caption\">\n\t\t\t\t\t\t\t\t\t\t\t<a href=\"https:\/\/www.kinderarzt-ahrens.de\/index.php\/uncategorized\/tauchmedizin\/\">\n\t\t\t\t\t\t\t<img loading=\"lazy\" decoding=\"async\" width=\"644\" height=\"429\" src=\"https:\/\/www.kinderarzt-ahrens.de\/wp-content\/uploads\/2024\/01\/Bild-27.01.24-um-20.08-644x429.jpeg\" class=\"elementor-animation-grow attachment-large size-large wp-image-1634\" alt=\"\" srcset=\"https:\/\/www.kinderarzt-ahrens.de\/wp-content\/uploads\/2024\/01\/Bild-27.01.24-um-20.08-644x429.jpeg 644w, https:\/\/www.kinderarzt-ahrens.de\/wp-content\/uploads\/2024\/01\/Bild-27.01.24-um-20.08-300x200.jpeg 300w, https:\/\/www.kinderarzt-ahrens.de\/wp-content\/uploads\/2024\/01\/Bild-27.01.24-um-20.08-768x512.jpeg 768w, https:\/\/www.kinderarzt-ahrens.de\/wp-content\/uploads\/2024\/01\/Bild-27.01.24-um-20.08-1536x1024.jpeg 1536w, https:\/\/www.kinderarzt-ahrens.de\/wp-content\/uploads\/2024\/01\/Bild-27.01.24-um-20.08-2048x1365.jpeg 2048w\" sizes=\"(max-width: 644px) 100vw, 644px\" \/>\t\t\t\t\t\t\t\t<\/a>\n\t\t\t\t\t\t\t\t\t\t\t<figcaption class=\"widget-image-caption wp-caption-text\">Tauchmedizin<\/figcaption>\n\t\t\t\t\t\t\t\t\t\t<\/figure>\n\t\t\t\t\t\t\t<\/div>\n\t\t\t\t<\/div>\n\t\t\t\t<\/div>\n\t\t\t\t\t<\/div>\n\t\t\t\t<\/div>\n\t\t<div class=\"elementor-element elementor-element-7f0a72c e-flex e-con-boxed e-con e-parent\" data-id=\"7f0a72c\" data-element_type=\"container\">\n\t\t\t\t\t<div class=\"e-con-inner\">\n\t\t\t\t<div class=\"elementor-element elementor-element-4a33a37 elementor-widget elementor-widget-spacer\" data-id=\"4a33a37\" data-element_type=\"widget\" data-widget_type=\"spacer.default\">\n\t\t\t\t<div class=\"elementor-widget-container\">\n\t\t\t<style>\/*! elementor - v3.22.0 - 26-06-2024 *\/\n.elementor-column .elementor-spacer-inner{height:var(--spacer-size)}.e-con{--container-widget-width:100%}.e-con-inner>.elementor-widget-spacer,.e-con>.elementor-widget-spacer{width:var(--container-widget-width,var(--spacer-size));--align-self:var(--container-widget-align-self,initial);--flex-shrink:0}.e-con-inner>.elementor-widget-spacer>.elementor-widget-container,.e-con>.elementor-widget-spacer>.elementor-widget-container{height:100%;width:100%}.e-con-inner>.elementor-widget-spacer>.elementor-widget-container>.elementor-spacer,.e-con>.elementor-widget-spacer>.elementor-widget-container>.elementor-spacer{height:100%}.e-con-inner>.elementor-widget-spacer>.elementor-widget-container>.elementor-spacer>.elementor-spacer-inner,.e-con>.elementor-widget-spacer>.elementor-widget-container>.elementor-spacer>.elementor-spacer-inner{height:var(--container-widget-height,var(--spacer-size))}.e-con-inner>.elementor-widget-spacer.elementor-widget-empty,.e-con>.elementor-widget-spacer.elementor-widget-empty{position:relative;min-height:22px;min-width:22px}.e-con-inner>.elementor-widget-spacer.elementor-widget-empty .elementor-widget-empty-icon,.e-con>.elementor-widget-spacer.elementor-widget-empty .elementor-widget-empty-icon{position:absolute;top:0;bottom:0;left:0;right:0;margin:auto;padding:0;width:22px;height:22px}<\/style>\t\t<div class=\"elementor-spacer\">\n\t\t\t<div class=\"elementor-spacer-inner\"><\/div>\n\t\t<\/div>\n\t\t\t\t<\/div>\n\t\t\t\t<\/div>\n\t\t\t\t\t<\/div>\n\t\t\t\t<\/div>\n\t\t<div class=\"elementor-element elementor-element-2fa835d e-flex e-con-boxed e-con e-parent\" data-id=\"2fa835d\" data-element_type=\"container\">\n\t\t\t\t\t<div class=\"e-con-inner\">\n\t\t\t\t<div class=\"elementor-element elementor-element-58b2bd5 elementor-widget-divider--view-line elementor-widget elementor-widget-divider\" data-id=\"58b2bd5\" data-element_type=\"widget\" data-widget_type=\"divider.default\">\n\t\t\t\t<div class=\"elementor-widget-container\">\n\t\t\t<style>\/*! elementor - v3.22.0 - 26-06-2024 *\/\n.elementor-widget-divider{--divider-border-style:none;--divider-border-width:1px;--divider-color:#0c0d0e;--divider-icon-size:20px;--divider-element-spacing:10px;--divider-pattern-height:24px;--divider-pattern-size:20px;--divider-pattern-url:none;--divider-pattern-repeat:repeat-x}.elementor-widget-divider .elementor-divider{display:flex}.elementor-widget-divider .elementor-divider__text{font-size:15px;line-height:1;max-width:95%}.elementor-widget-divider .elementor-divider__element{margin:0 var(--divider-element-spacing);flex-shrink:0}.elementor-widget-divider .elementor-icon{font-size:var(--divider-icon-size)}.elementor-widget-divider .elementor-divider-separator{display:flex;margin:0;direction:ltr}.elementor-widget-divider--view-line_icon .elementor-divider-separator,.elementor-widget-divider--view-line_text .elementor-divider-separator{align-items:center}.elementor-widget-divider--view-line_icon .elementor-divider-separator:after,.elementor-widget-divider--view-line_icon .elementor-divider-separator:before,.elementor-widget-divider--view-line_text .elementor-divider-separator:after,.elementor-widget-divider--view-line_text .elementor-divider-separator:before{display:block;content:\"\";border-block-end:0;flex-grow:1;border-block-start:var(--divider-border-width) var(--divider-border-style) var(--divider-color)}.elementor-widget-divider--element-align-left .elementor-divider .elementor-divider-separator>.elementor-divider__svg:first-of-type{flex-grow:0;flex-shrink:100}.elementor-widget-divider--element-align-left .elementor-divider-separator:before{content:none}.elementor-widget-divider--element-align-left .elementor-divider__element{margin-left:0}.elementor-widget-divider--element-align-right .elementor-divider .elementor-divider-separator>.elementor-divider__svg:last-of-type{flex-grow:0;flex-shrink:100}.elementor-widget-divider--element-align-right .elementor-divider-separator:after{content:none}.elementor-widget-divider--element-align-right .elementor-divider__element{margin-right:0}.elementor-widget-divider--element-align-start .elementor-divider .elementor-divider-separator>.elementor-divider__svg:first-of-type{flex-grow:0;flex-shrink:100}.elementor-widget-divider--element-align-start .elementor-divider-separator:before{content:none}.elementor-widget-divider--element-align-start .elementor-divider__element{margin-inline-start:0}.elementor-widget-divider--element-align-end .elementor-divider .elementor-divider-separator>.elementor-divider__svg:last-of-type{flex-grow:0;flex-shrink:100}.elementor-widget-divider--element-align-end .elementor-divider-separator:after{content:none}.elementor-widget-divider--element-align-end .elementor-divider__element{margin-inline-end:0}.elementor-widget-divider:not(.elementor-widget-divider--view-line_text):not(.elementor-widget-divider--view-line_icon) .elementor-divider-separator{border-block-start:var(--divider-border-width) var(--divider-border-style) var(--divider-color)}.elementor-widget-divider--separator-type-pattern{--divider-border-style:none}.elementor-widget-divider--separator-type-pattern.elementor-widget-divider--view-line .elementor-divider-separator,.elementor-widget-divider--separator-type-pattern:not(.elementor-widget-divider--view-line) .elementor-divider-separator:after,.elementor-widget-divider--separator-type-pattern:not(.elementor-widget-divider--view-line) .elementor-divider-separator:before,.elementor-widget-divider--separator-type-pattern:not([class*=elementor-widget-divider--view]) .elementor-divider-separator{width:100%;min-height:var(--divider-pattern-height);-webkit-mask-size:var(--divider-pattern-size) 100%;mask-size:var(--divider-pattern-size) 100%;-webkit-mask-repeat:var(--divider-pattern-repeat);mask-repeat:var(--divider-pattern-repeat);background-color:var(--divider-color);-webkit-mask-image:var(--divider-pattern-url);mask-image:var(--divider-pattern-url)}.elementor-widget-divider--no-spacing{--divider-pattern-size:auto}.elementor-widget-divider--bg-round{--divider-pattern-repeat:round}.rtl .elementor-widget-divider .elementor-divider__text{direction:rtl}.e-con-inner>.elementor-widget-divider,.e-con>.elementor-widget-divider{width:var(--container-widget-width,100%);--flex-grow:var(--container-widget-flex-grow)}<\/style>\t\t<div class=\"elementor-divider\">\n\t\t\t<span class=\"elementor-divider-separator\">\n\t\t\t\t\t\t<\/span>\n\t\t<\/div>\n\t\t\t\t<\/div>\n\t\t\t\t<\/div>\n\t\t\t\t<div class=\"elementor-element elementor-element-588b271 elementor-align-center elementor-invisible elementor-widget elementor-widget-button\" data-id=\"588b271\" data-element_type=\"widget\" data-settings=\"{&quot;_animation&quot;:&quot;fadeIn&quot;}\" data-widget_type=\"button.default\">\n\t\t\t\t<div class=\"elementor-widget-container\">\n\t\t\t\t\t<div class=\"elementor-button-wrapper\">\n\t\t\t<a class=\"elementor-button elementor-button-link elementor-size-lg elementor-animation-shrink\" href=\"mailto:info@kinderarzt-ahrens.de\">\n\t\t\t\t\t\t<span class=\"elementor-button-content-wrapper\">\n\t\t\t\t\t\t<span class=\"elementor-button-icon\">\n\t\t\t\t<svg aria-hidden=\"true\" class=\"e-font-icon-svg e-far-envelope\" viewBox=\"0 0 512 512\" xmlns=\"http:\/\/www.w3.org\/2000\/svg\"><path d=\"M464 64H48C21.49 64 0 85.49 0 112v288c0 26.51 21.49 48 48 48h416c26.51 0 48-21.49 48-48V112c0-26.51-21.49-48-48-48zm0 48v40.805c-22.422 18.259-58.168 46.651-134.587 106.49-16.841 13.247-50.201 45.072-73.413 44.701-23.208.375-56.579-31.459-73.413-44.701C106.18 199.465 70.425 171.067 48 152.805V112h416zM48 400V214.398c22.914 18.251 55.409 43.862 104.938 82.646 21.857 17.205 60.134 55.186 103.062 54.955 42.717.231 80.509-37.199 103.053-54.947 49.528-38.783 82.032-64.401 104.947-82.653V400H48z\"><\/path><\/svg>\t\t\t<\/span>\n\t\t\t\t\t\t\t\t\t<span class=\"elementor-button-text\">Kontaktieren Sie uns gerne <\/span>\n\t\t\t\t\t<\/span>\n\t\t\t\t\t<\/a>\n\t\t<\/div>\n\t\t\t\t<\/div>\n\t\t\t\t<\/div>\n\t\t\t\t\t<\/div>\n\t\t\t\t<\/div>\n\t\t\t\t<\/div>\n\t\t","protected":false},"excerpt":{"rendered":"<p>Herzlich Willkommen auf den Internetseiten unserer Kinder- und Jugendarztpraxis. Wir freuen uns \u00fcber Ihr Interesse und m\u00f6chten Sie \u00fcber Leistungsangebote und Schwerpunkte unserer Praxis informieren. Die Praxis liegt im Norden L\u00fcbecks nahe der Ostseek\u00fcste und dem Seebad L\u00fcbeck-Travem\u00fcnde. Checkliste f\u00fcr einen Termin Unsere Angebote f\u00fcr Kinder und Jugendliche Kinder- und Jugendmedizin Kinder \u2013 Pneumologie Neonatologie&#8230;<\/p>\n","protected":false},"author":1,"featured_media":0,"parent":0,"menu_order":0,"comment_status":"closed","ping_status":"closed","template":"","meta":{"_kad_post_transparent":"","_kad_post_title":"","_kad_post_layout":"","_kad_post_sidebar_id":"","_kad_post_content_style":"","_kad_post_vertical_padding":"","_kad_post_feature":"","_kad_post_feature_position":"","_kad_post_header":false,"_kad_post_footer":false,"footnotes":""},"class_list":["post-6","page","type-page","status-publish","hentry"],"_links":{"self":[{"href":"https:\/\/www.kinderarzt-ahrens.de\/index.php\/wp-json\/wp\/v2\/pages\/6","targetHints":{"allow":["GET"]}}],"collection":[{"href":"https:\/\/www.kinderarzt-ahrens.de\/index.php\/wp-json\/wp\/v2\/pages"}],"about":[{"href":"https:\/\/www.kinderarzt-ahrens.de\/index.php\/wp-json\/wp\/v2\/types\/page"}],"author":[{"embeddable":true,"href":"https:\/\/www.kinderarzt-ahrens.de\/index.php\/wp-json\/wp\/v2\/users\/1"}],"replies":[{"embeddable":true,"href":"https:\/\/www.kinderarzt-ahrens.de\/index.php\/wp-json\/wp\/v2\/comments?post=6"}],"version-history":[{"count":228,"href":"https:\/\/www.kinderarzt-ahrens.de\/index.php\/wp-json\/wp\/v2\/pages\/6\/revisions"}],"predecessor-version":[{"id":2154,"href":"https:\/\/www.kinderarzt-ahrens.de\/index.php\/wp-json\/wp\/v2\/pages\/6\/revisions\/2154"}],"wp:attachment":[{"href":"https:\/\/www.kinderarzt-ahrens.de\/index.php\/wp-json\/wp\/v2\/media?parent=6"}],"curies":[{"name":"wp","href":"https:\/\/api.w.org\/{rel}","templated":true}]}}